{"id":478,"date":"2022-03-30T20:41:46","date_gmt":"2022-03-30T20:41:46","guid":{"rendered":"https:\/\/agavezwolf.com\/?page_id=478"},"modified":"2024-03-07T19:51:20","modified_gmt":"2024-03-07T19:51:20","slug":"478-2","status":"publish","type":"page","link":"https:\/\/agavezwolf.com\/index.php\/478-2\/","title":{"rendered":"Equipo"},"content":{"rendered":"<p>[et_pb_section fb_built=\u00bb1&#8243; admin_label=\u00bbHero Section\u00bb _builder_version=\u00bb4.16&#8243; use_background_color_gradient=\u00bbon\u00bb background_color_gradient_type=\u00bbcircular\u00bb background_color_gradient_direction_radial=\u00bbtop\u00bb background_color_gradient_stops=\u00bb#038b8d 0%|#000000 50%\u00bb background_color_gradient_start=\u00bb#038b8d\u00bb background_color_gradient_end=\u00bb#000000&#8243; background_color_gradient_end_position=\u00bb50%\u00bb background_image=\u00bbhttps:\/\/agavezwolf.com\/wp-content\/uploads\/2022\/03\/crypto_illustration_17.png\u00bb background_size=\u00bbinitial\u00bb background_position=\u00bbtop_center\u00bb custom_padding=\u00bb150px||99px|||\u00bb global_colors_info=\u00bb{}\u00bb][et_pb_row _builder_version=\u00bb4.16&#8243; background_size=\u00bbinitial\u00bb background_position=\u00bbtop_left\u00bb background_repeat=\u00bbrepeat\u00bb module_alignment=\u00bbcenter\u00bb custom_width_px=\u00bb700px\u00bb global_colors_info=\u00bb{}\u00bb][et_pb_column type=\u00bb4_4&#8243; _builder_version=\u00bb4.16&#8243; custom_padding=\u00bb|||\u00bb global_colors_info=\u00bb{}\u00bb custom_padding__hover=\u00bb|||\u00bb][et_pb_text _builder_version=\u00bb4.16&#8243; text_font=\u00bbAlegreya Sans SC||||||||\u00bb text_font_size=\u00bb27px\u00bb text_line_height=\u00bb2em\u00bb header_font=\u00bbAlegreya Sans SC||||||||\u00bb header_font_size=\u00bb66px\u00bb header_line_height=\u00bb1.5em\u00bb header_2_font=\u00bbTitillium Web||||||||\u00bb header_2_font_size=\u00bb66px\u00bb header_2_line_height=\u00bb1.5em\u00bb header_3_font=\u00bbTitillium Web||||||||\u00bb header_3_font_size=\u00bb66px\u00bb header_3_line_height=\u00bb1.5em\u00bb header_4_font=\u00bbTitillium Web||||||||\u00bb header_4_font_size=\u00bb66px\u00bb header_4_line_height=\u00bb1.5em\u00bb header_5_font=\u00bbTitillium Web||||||||\u00bb header_5_font_size=\u00bb66px\u00bb header_5_line_height=\u00bb1.5em\u00bb header_6_font=\u00bbTitillium Web||||||||\u00bb header_6_font_size=\u00bb66px\u00bb header_6_line_height=\u00bb1.5em\u00bb text_orientation=\u00bbcenter\u00bb background_layout=\u00bbdark\u00bb max_width=\u00bb700px\u00bb module_alignment=\u00bbcenter\u00bb header_font_size_tablet=\u00bb40px\u00bb header_font_size_phone=\u00bb\u00bb header_font_size_last_edited=\u00bbon|phone\u00bb global_colors_info=\u00bb{}\u00bb]<\/p>\n<h1>Conoce nuestro equipo<\/h1>\n<p>Somos un grupo de profesionales trabajando juntos para crear este asombroso proyecto.<\/p>\n<p>[\/et_pb_text][et_pb_button button_url=\u00bbhttps:\/\/agavezwolf.com\/index.php\/team\/\u00bb button_text=\u00bbEnglish\u00bb button_alignment=\u00bbcenter\u00bb _builder_version=\u00bb4.16&#8243; _module_preset=\u00bbdefault\u00bb custom_button=\u00bbon\u00bb button_text_color=\u00bb#FFFFFF\u00bb button_bg_color=\u00bb#000000&#8243; button_border_color=\u00bb#000000&#8243; button_font=\u00bbAlegreya Sans SC||||||||\u00bb background_layout=\u00bbdark\u00bb global_colors_info=\u00bb{}\u00bb][\/et_pb_button][\/et_pb_column][\/et_pb_row][et_pb_row column_structure=\u00bb1_3,1_3,1_3&#8243; _builder_version=\u00bb4.16&#8243; background_enable_image=\u00bboff\u00bb custom_margin=\u00bb118px|auto||auto||\u00bb global_colors_info=\u00bb{}\u00bb][et_pb_column type=\u00bb1_3&#8243; _builder_version=\u00bb4.16&#8243; custom_padding=\u00bb|||\u00bb global_colors_info=\u00bb{}\u00bb custom_padding__hover=\u00bb|||\u00bb][et_pb_team_member name=\u00bbEfra\u00edn Orozco Ibarra\u00bb position=\u00bbFinanzas\u00bb _builder_version=\u00bb4.16&#8243; _module_preset=\u00bbdefault\u00bb header_font=\u00bbAlegreya Sans SC||||||||\u00bb header_text_align=\u00bbcenter\u00bb header_font_size=\u00bb32px\u00bb body_font_size=\u00bb23px\u00bb text_orientation=\u00bbcenter\u00bb background_layout=\u00bbdark\u00bb text_shadow_style=\u00bbpreset3&#8243; text_shadow_color=\u00bb#FFFFFF\u00bb global_colors_info=\u00bb{}\u00bb][\/et_pb_team_member][et_pb_button button_url=\u00bbhttps:\/\/agavezwolf.com\/wp-content\/uploads\/2022\/04\/CV-Efrain-Orozco-Ibarra-English.pdf\u00bb url_new_window=\u00bbon\u00bb button_text=\u00bbCV\u00bb button_alignment=\u00bbcenter\u00bb _builder_version=\u00bb4.16&#8243; _module_preset=\u00bbdefault\u00bb custom_button=\u00bbon\u00bb button_text_color=\u00bb#FFFFFF\u00bb button_bg_color=\u00bb#000000&#8243; global_colors_info=\u00bb{}\u00bb][\/et_pb_button][et_pb_team_member name=\u00bbEstefania Orozco\u00bb position=\u00bbRelaciones Internacionales\u00bb image_url=\u00bbhttps:\/\/agavezwolf.com\/wp-content\/uploads\/2022\/03\/estefania2.jpeg\u00bb _builder_version=\u00bb4.16&#8243; _module_preset=\u00bbdefault\u00bb header_font=\u00bbAlegreya Sans SC||||||||\u00bb header_text_align=\u00bbleft\u00bb header_font_size=\u00bb32px\u00bb body_font_size=\u00bb23px\u00bb background_layout=\u00bbdark\u00bb min_height=\u00bb464.8px\u00bb custom_margin=\u00bb0px||||false|false\u00bb custom_padding=\u00bb103px||||false|false\u00bb text_shadow_style=\u00bbpreset3&#8243; text_shadow_color=\u00bb#FFFFFF\u00bb global_colors_info=\u00bb{}\u00bb][\/et_pb_team_member][\/et_pb_column][et_pb_column type=\u00bb1_3&#8243; _builder_version=\u00bb4.16&#8243; _module_preset=\u00bbdefault\u00bb global_colors_info=\u00bb{}\u00bb][et_pb_team_member image_url=\u00bbhttps:\/\/agavezwolf.com\/wp-content\/uploads\/2022\/01\/favicon_agave-01.png\u00bb _builder_version=\u00bb4.16&#8243; _module_preset=\u00bbdefault\u00bb custom_padding=\u00bb63px||||false|false\u00bb global_colors_info=\u00bb{}\u00bb][\/et_pb_team_member][\/et_pb_column][et_pb_column type=\u00bb1_3&#8243; _builder_version=\u00bb4.16&#8243; _module_preset=\u00bbdefault\u00bb global_colors_info=\u00bb{}\u00bb][et_pb_team_member name=\u00bbEfra\u00edn Orozco Abarca\u00bb position=\u00bbAdministrador\u00bb _builder_version=\u00bb4.16&#8243; _module_preset=\u00bbdefault\u00bb header_font=\u00bbAlegreya Sans SC||||||||\u00bb header_text_align=\u00bbcenter\u00bb header_font_size=\u00bb32px\u00bb body_font_size=\u00bb23px\u00bb text_orientation=\u00bbcenter\u00bb background_layout=\u00bbdark\u00bb custom_margin=\u00bb||200px||false|false\u00bb text_shadow_style=\u00bbpreset3&#8243; text_shadow_color=\u00bb#FFFFFF\u00bb global_colors_info=\u00bb{}\u00bb][\/et_pb_team_member][et_pb_team_member name=\u00bbMarisol Duarte\u00bb position=\u00bbContadora\u00bb image_url=\u00bbhttps:\/\/agavezwolf.com\/wp-content\/uploads\/2022\/03\/Marisol2.jpeg\u00bb _builder_version=\u00bb4.16&#8243; _module_preset=\u00bbdefault\u00bb header_font=\u00bbAlegreya Sans SC||||||||\u00bb header_text_align=\u00bbleft\u00bb header_font_size=\u00bb32px\u00bb body_font_size=\u00bb23px\u00bb background_layout=\u00bbdark\u00bb custom_margin=\u00bb||36px||false|false\u00bb text_shadow_style=\u00bbpreset3&#8243; text_shadow_color=\u00bb#FFFFFF\u00bb global_colors_info=\u00bb{}\u00bb][\/et_pb_team_member][\/et_pb_column][\/et_pb_row][\/et_pb_section][et_pb_section fb_built=\u00bb1&#8243; admin_label=\u00bbHow to use\u00bb _builder_version=\u00bb4.16&#8243; background_color=\u00bb#000000&#8243; background_color_gradient_start=\u00bb#000000&#8243; background_color_gradient_end=\u00bb#038b8d\u00bb custom_padding=\u00bb22px|||||\u00bb global_colors_info=\u00bb{}\u00bb][et_pb_row _builder_version=\u00bb4.16&#8243; locked=\u00bboff\u00bb global_colors_info=\u00bb{}\u00bb][et_pb_column type=\u00bb4_4&#8243; _builder_version=\u00bb4.16&#8243; custom_padding=\u00bb|||\u00bb global_colors_info=\u00bb{}\u00bb custom_padding__hover=\u00bb|||\u00bb][et_pb_text _builder_version=\u00bb4.16&#8243; _module_preset=\u00bbdefault\u00bb text_font=\u00bbAlegreya Sans SC||||||||\u00bb text_text_color=\u00bb#FFFFFF\u00bb text_font_size=\u00bb44px\u00bb text_orientation=\u00bbcenter\u00bb global_colors_info=\u00bb{}\u00bb]<\/p>\n<p>Combinamos nuestras habilidades<\/p>\n<p>[\/et_pb_text][et_pb_divider color=\u00bb#038b8d\u00bb divider_weight=\u00bb4px\u00bb _builder_version=\u00bb4.16&#8243; max_width=\u00bb80px\u00bb module_alignment=\u00bbcenter\u00bb height=\u00bb4px\u00bb global_colors_info=\u00bb{}\u00bb][\/et_pb_divider][\/et_pb_column][\/et_pb_row][et_pb_row column_structure=\u00bb1_4,1_4,1_4,1_4&#8243; _builder_version=\u00bb4.16&#8243; max_width=\u00bb1440px\u00bb custom_margin=\u00bb83px|auto||auto||\u00bb custom_padding=\u00bb||57px|||\u00bb use_custom_width=\u00bbon\u00bb custom_width_px=\u00bb1440px\u00bb global_colors_info=\u00bb{}\u00bb][et_pb_column type=\u00bb1_4&#8243; _builder_version=\u00bb4.16&#8243; custom_padding=\u00bb|||\u00bb global_colors_info=\u00bb{}\u00bb custom_padding__hover=\u00bb|||\u00bb][et_pb_blurb title=\u00bbFinanzas y Contabilidad\u00bb image_icon_background_color=\u00bb#000000&#8243; image=\u00bbhttps:\/\/agavezwolf.com\/wp-content\/uploads\/2022\/03\/Business-Growth_150px.png\u00bb _builder_version=\u00bb4.16&#8243; header_font=\u00bbAlegreya Sans SC|700||on|||||\u00bb header_font_size=\u00bb23px\u00bb header_letter_spacing=\u00bb2px\u00bb header_line_height=\u00bb1.8em\u00bb body_font=\u00bbAlegreya Sans SC||||||||\u00bb body_text_color=\u00bb#FFFFFF\u00bb body_font_size=\u00bb20px\u00bb body_line_height=\u00bb1.8em\u00bb text_orientation=\u00bbcenter\u00bb background_layout=\u00bbdark\u00bb max_width=\u00bb700px\u00bb module_alignment=\u00bbcenter\u00bb animation_style=\u00bbfold\u00bb animation=\u00bboff\u00bb header_text_shadow_style=\u00bbpreset3&#8243; header_text_shadow_color=\u00bb#FFFFFF\u00bb global_colors_info=\u00bb{}\u00bb]<\/p>\n<p>C\u00f3mo manejar e invertir los recursos financieros.<\/p>\n<p>[\/et_pb_blurb][\/et_pb_column][et_pb_column type=\u00bb1_4&#8243; _builder_version=\u00bb4.16&#8243; custom_padding=\u00bb|||\u00bb global_colors_info=\u00bb{}\u00bb custom_padding__hover=\u00bb|||\u00bb][et_pb_blurb title=\u00bbDise\u00f1o\u00bb image=\u00bbhttps:\/\/agavezwolf.com\/wp-content\/uploads\/2022\/03\/Consulting_150px.png\u00bb _builder_version=\u00bb4.16&#8243; header_font=\u00bbAlegreya Sans SC|700||on|||||\u00bb header_font_size=\u00bb23px\u00bb header_letter_spacing=\u00bb2px\u00bb header_line_height=\u00bb1.8em\u00bb body_font=\u00bbAlegreya Sans SC||||||||\u00bb body_text_color=\u00bb#FFFFFF\u00bb body_font_size=\u00bb20px\u00bb body_line_height=\u00bb1.8em\u00bb text_orientation=\u00bbcenter\u00bb background_layout=\u00bbdark\u00bb max_width=\u00bb700px\u00bb module_alignment=\u00bbcenter\u00bb animation_style=\u00bbfold\u00bb animation=\u00bboff\u00bb header_text_shadow_style=\u00bbpreset3&#8243; header_text_shadow_color=\u00bb#FFFFFF\u00bb global_colors_info=\u00bb{}\u00bb]<\/p>\n<p>M\u00e9todos y t\u00e9cnicas para crear algo est\u00e9tico y pr\u00e1ctico<\/p>\n<p>[\/et_pb_blurb][\/et_pb_column][et_pb_column type=\u00bb1_4&#8243; _builder_version=\u00bb4.16&#8243; custom_padding=\u00bb|||\u00bb global_colors_info=\u00bb{}\u00bb custom_padding__hover=\u00bb|||\u00bb][et_pb_blurb title=\u00bbProgramaci\u00f3n\u00bb image=\u00bbhttps:\/\/agavezwolf.com\/wp-content\/uploads\/2022\/03\/Techonology_150px.png\u00bb _builder_version=\u00bb4.16&#8243; header_font=\u00bbAlegreya Sans SC|700||on|||||\u00bb header_font_size=\u00bb23px\u00bb header_letter_spacing=\u00bb2px\u00bb header_line_height=\u00bb1.8em\u00bb body_font=\u00bbAlegreya Sans SC||||||||\u00bb body_text_color=\u00bb#FFFFFF\u00bb body_font_size=\u00bb20px\u00bb body_line_height=\u00bb1.8em\u00bb text_orientation=\u00bbcenter\u00bb background_layout=\u00bbdark\u00bb max_width=\u00bb700px\u00bb module_alignment=\u00bbcenter\u00bb animation_style=\u00bbfold\u00bb animation=\u00bboff\u00bb header_text_shadow_style=\u00bbpreset3&#8243; header_text_shadow_color=\u00bb#FFFFFF\u00bb global_colors_info=\u00bb{}\u00bb]<\/p>\n<p>\u00a0El uso de lenguajes de programaci\u00f3n para crear procesos y funciones en un sistema.<\/p>\n<p>[\/et_pb_blurb][\/et_pb_column][et_pb_column type=\u00bb1_4&#8243; _builder_version=\u00bb4.16&#8243; custom_padding=\u00bb|||\u00bb global_colors_info=\u00bb{}\u00bb custom_padding__hover=\u00bb|||\u00bb][et_pb_blurb title=\u00bbRelaciones Internacionales\u00bb image=\u00bbhttps:\/\/agavezwolf.com\/wp-content\/uploads\/2022\/03\/Valid-Services_150px.png\u00bb _builder_version=\u00bb4.16&#8243; header_font=\u00bbAlegreya Sans SC|700||on|||||\u00bb header_text_color=\u00bb#FFFFFF\u00bb header_font_size=\u00bb23px\u00bb header_letter_spacing=\u00bb2px\u00bb header_line_height=\u00bb1.8em\u00bb body_font=\u00bbAlegreya Sans SC||||||||\u00bb body_text_color=\u00bb#FFFFFF\u00bb body_font_size=\u00bb19px\u00bb body_line_height=\u00bb1.8em\u00bb text_orientation=\u00bbcenter\u00bb background_layout=\u00bbdark\u00bb max_width=\u00bb700px\u00bb module_alignment=\u00bbcenter\u00bb animation_style=\u00bbfold\u00bb animation=\u00bboff\u00bb header_text_shadow_style=\u00bbpreset3&#8243; header_text_shadow_color=\u00bb#FFFFFF\u00bb global_colors_info=\u00bb{}\u00bb]<\/p>\n<p>C\u00f3mo participar en el escenario global considerando distintos elementos.<\/p>\n<p>[\/et_pb_blurb][\/et_pb_column][\/et_pb_row][\/et_pb_section][et_pb_section fb_built=\u00bb1&#8243; fullwidth=\u00bbon\u00bb _builder_version=\u00bb4.16&#8243; _module_preset=\u00bbdefault\u00bb global_colors_info=\u00bb{}\u00bb][et_pb_fullwidth_image src=\u00bbhttps:\/\/agavezwolf.com\/wp-content\/uploads\/2022\/03\/pexels-alesia-kozik-6771900-scaled.jpg\u00bb title_text=\u00bbpexels-alesia-kozik-6771900&#8243; _builder_version=\u00bb4.16&#8243; _module_preset=\u00bbdefault\u00bb global_colors_info=\u00bb{}\u00bb][\/et_pb_fullwidth_image][\/et_pb_section][et_pb_section fb_built=\u00bb1&#8243; _builder_version=\u00bb4.16&#8243; _module_preset=\u00bbdefault\u00bb custom_padding=\u00bb54px|||||\u00bb global_colors_info=\u00bb{}\u00bb][et_pb_row column_structure=\u00bb1_2,1_4,1_4&#8243; _builder_version=\u00bb4.16&#8243; _module_preset=\u00bbdefault\u00bb global_colors_info=\u00bb{}\u00bb][et_pb_column type=\u00bb1_2&#8243; _builder_version=\u00bb4.16&#8243; _module_preset=\u00bbdefault\u00bb global_colors_info=\u00bb{}\u00bb][et_pb_text _builder_version=\u00bb4.16&#8243; _module_preset=\u00bbdefault\u00bb text_font=\u00bbAlegreya Sans SC||||||||\u00bb text_text_color=\u00bb#000000&#8243; text_font_size=\u00bb24px\u00bb text_line_height=\u00bb1.8em\u00bb header_font_size=\u00bb26px\u00bb animation_style=\u00bbfade\u00bb animation_duration=\u00bb1100ms\u00bb global_colors_info=\u00bb{}\u00bb]<\/p>\n<p>El proceso del proyecto y plantaciones ser\u00e1n publicados en nuestras redes sociales.<\/p>\n<p>[\/et_pb_text][\/et_pb_column][et_pb_column type=\u00bb1_4&#8243; _builder_version=\u00bb4.16&#8243; _module_preset=\u00bbdefault\u00bb global_colors_info=\u00bb{}\u00bb][et_pb_social_media_follow _builder_version=\u00bb4.20.4&#8243; _module_preset=\u00bbdefault\u00bb text_orientation=\u00bbcenter\u00bb global_colors_info=\u00bb{}\u00bb theme_builder_area=\u00bbpost_content\u00bb][et_pb_social_media_follow_network social_network=\u00bbfacebook\u00bb url=\u00bbhttps:\/\/www.facebook.com\/grupozwolf\u00bb use_icon_font_size=\u00bbon\u00bb icon_font_size=\u00bb24px\u00bb _builder_version=\u00bb4.16&#8243; _module_preset=\u00bbdefault\u00bb background_color=\u00bb#3b5998&#8243; global_colors_info=\u00bb{}\u00bb theme_builder_area=\u00bbpost_content\u00bb follow_button=\u00bboff\u00bb url_new_window=\u00bbon\u00bb]facebook[\/et_pb_social_media_follow_network][et_pb_social_media_follow_network social_network=\u00bbinstagram\u00bb url=\u00bbhttps:\/\/www.instagram.com\/grupozwolf\u00bb use_icon_font_size=\u00bbon\u00bb icon_font_size=\u00bb24px\u00bb _builder_version=\u00bb4.16&#8243; _module_preset=\u00bbdefault\u00bb background_color=\u00bb#ea2c59&#8243; global_colors_info=\u00bb{}\u00bb theme_builder_area=\u00bbpost_content\u00bb follow_button=\u00bboff\u00bb url_new_window=\u00bbon\u00bb]instagram[\/et_pb_social_media_follow_network][et_pb_social_media_follow_network social_network=\u00bbtwitter\u00bb url=\u00bbhttps:\/\/twitter.com\/agave_zwolf\u00bb use_icon_font_size=\u00bbon\u00bb icon_font_size=\u00bb24px\u00bb _builder_version=\u00bb4.16&#8243; _module_preset=\u00bbdefault\u00bb background_color=\u00bb#00aced\u00bb global_colors_info=\u00bb{}\u00bb theme_builder_area=\u00bbpost_content\u00bb follow_button=\u00bboff\u00bb url_new_window=\u00bbon\u00bb]twitter[\/et_pb_social_media_follow_network][et_pb_social_media_follow_network social_network=\u00bbyoutube\u00bb url=\u00bbhttps:\/\/youtube.com\/playlist?list=PLfSZyIf4Pv3dkOBl7BDRH4VaOOWx6i5i9&#038;feature=shared\u00bb use_icon_font_size=\u00bbon\u00bb icon_font_size=\u00bb24px\u00bb _builder_version=\u00bb4.20.4&#8243; _module_preset=\u00bbdefault\u00bb background_color=\u00bb#a82400&#8243; global_colors_info=\u00bb{}\u00bb theme_builder_area=\u00bbpost_content\u00bb follow_button=\u00bboff\u00bb url_new_window=\u00bbon\u00bb]youtube[\/et_pb_social_media_follow_network][\/et_pb_social_media_follow][\/et_pb_column][et_pb_column type=\u00bb1_4&#8243; _builder_version=\u00bb4.16&#8243; _module_preset=\u00bbdefault\u00bb global_colors_info=\u00bb{}\u00bb][et_pb_button button_url=\u00bbhttps:\/\/t.me\/+rT8ohHQgTCliYjEx\u00bb url_new_window=\u00bbon\u00bb button_text=\u00bbTelegram\u00bb button_alignment=\u00bbleft\u00bb button_alignment_tablet=\u00bbleft\u00bb button_alignment_phone=\u00bbcenter\u00bb button_alignment_last_edited=\u00bbon|phone\u00bb _builder_version=\u00bb4.16&#8243; _module_preset=\u00bbdefault\u00bb global_colors_info=\u00bb{}\u00bb][\/et_pb_button][\/et_pb_column][\/et_pb_row][\/et_pb_section]<\/p>\n","protected":false},"excerpt":{"rendered":"<p>Conoce nuestro equipo Somos un grupo de profesionales trabajando juntos para crear este asombroso proyecto.Combinamos nuestras habilidadesC\u00f3mo manejar e invertir los recursos financieros.M\u00e9todos y t\u00e9cnicas para crear algo est\u00e9tico y pr\u00e1ctico\u00a0El uso de lenguajes de programaci\u00f3n para crear procesos y funciones en un sistema.C\u00f3mo participar en el escenario global considerando distintos elementos.El proceso del proyecto [&hellip;]<\/p>\n","protected":false},"author":1,"featured_media":0,"parent":0,"menu_order":0,"comment_status":"closed","ping_status":"closed","template":"","meta":{"_et_pb_use_builder":"on","_et_pb_old_content":"","_et_gb_content_width":"","_joinchat":[],"footnotes":""},"class_list":["post-478","page","type-page","status-publish","hentry"],"_links":{"self":[{"href":"https:\/\/agavezwolf.com\/index.php\/wp-json\/wp\/v2\/pages\/478","targetHints":{"allow":["GET"]}}],"collection":[{"href":"https:\/\/agavezwolf.com\/index.php\/wp-json\/wp\/v2\/pages"}],"about":[{"href":"https:\/\/agavezwolf.com\/index.php\/wp-json\/wp\/v2\/types\/page"}],"author":[{"embeddable":true,"href":"https:\/\/agavezwolf.com\/index.php\/wp-json\/wp\/v2\/users\/1"}],"replies":[{"embeddable":true,"href":"https:\/\/agavezwolf.com\/index.php\/wp-json\/wp\/v2\/comments?post=478"}],"version-history":[{"count":13,"href":"https:\/\/agavezwolf.com\/index.php\/wp-json\/wp\/v2\/pages\/478\/revisions"}],"predecessor-version":[{"id":795,"href":"https:\/\/agavezwolf.com\/index.php\/wp-json\/wp\/v2\/pages\/478\/revisions\/795"}],"wp:attachment":[{"href":"https:\/\/agavezwolf.com\/index.php\/wp-json\/wp\/v2\/media?parent=478"}],"curies":[{"name":"wp","href":"https:\/\/api.w.org\/{rel}","templated":true}]}}